{"id":169,"date":"2025-07-09T06:40:02","date_gmt":"2025-07-09T04:40:02","guid":{"rendered":"https:\/\/shop.s-sal.net\/?post_type=product&#038;p=169"},"modified":"2025-07-09T06:40:02","modified_gmt":"2025-07-09T04:40:02","slug":"sal-unternehmensgruppe-official-shirt-maenner-t-shirt","status":"publish","type":"product","link":"https:\/\/shop.s-sal.de\/?product=sal-unternehmensgruppe-official-shirt-maenner-t-shirt","title":{"rendered":"SAL Unternehmensgruppe \u2013 Official Shirt- M\u00e4nner T-Shirt"},"content":{"rendered":"<p>Offizielles T-Shirt der SAL Unternehmensgruppe<br \/>Dieses hochwertige Shirt tr\u00e4gt stolz das Logo der SAL Unternehmensgruppe auf dem R\u00fccken, inklusive deiner zentralen Domain s-sal.net.<br \/>Ob als Fan, Partner oder Mitarbeiter \u2013 zeig, dass du Teil der SAL Familie bist.<br \/>Ideal f\u00fcr Events, Arbeit oder Freizeit.<\/p>\n<p> Unser T-Shirt-Klassiker schlechthin: Der lockere Schnitt macht dieses Shirt zum ultra komfortablen Begleiter in der Freizeit. Eine solide Verbindung aus Langlebigkeit und weicher Qualit\u00e4t. <\/p>\n<ul class=\"listMCE\">\n<li>Hochwertige Verarbeitung: doppelte N\u00e4hte an den S\u00e4umen<\/li>\n<li>Herstellerbedingt sind nur folgende Farben erh\u00e4ltlich in Gr\u00f6\u00dfe 3XL und 4XL: Wei\u00df, Schwarz, Navy, Rot, Grau meliert, Royalblau, Kelly Green, Gelb, Graphit, Milit\u00e4rgr\u00fcn<\/li>\n<li>Gerader Schnitt<\/li>\n<li>Weiche Stoffqualit\u00e4t: 153 g\/m\u00b2 (Wei\u00df: 144 g\/m\u00b2)<\/li>\n<li>Material: 100% Baumwolle (Grau meliert: 90% Baumwolle, 10% Polyester) <\/li>\n<li><strong>\n<div class=\"size-table \">\n<div class=\"size-image-wrapper\"><img decoding=\"async\" src=\"https:\/\/image.spreadshirtmedia.net\/image-server\/v1\/productTypes\/6\/variants\/size?width=200&amp;height=200\" width=\"200\" height=\"200\" alt=\"M\u00e4nner T-Shirt\" \/><\/p>\n<div class=\"size-hint\">normal<\/div>\n<\/div>\n<div class=\"size-table-wrapper\">\n<table>\n<thead>\n<tr>\n<th><\/th>\n<th class=\"measure-name\">A<\/th>\n<th class=\"measure-name\">B<\/th>\n<th class=\"measure-name\">C<\/th>\n<\/tr>\n<\/thead>\n<tbody>\n<tr class=\"size size-2\">\n<td class=\"size-cell\">S<\/td>\n<td class=\"measure-cell measure-cell-0\">27,95 inch<\/td>\n<td class=\"measure-cell measure-cell-1\">18,11 inch<\/td>\n<td class=\"measure-cell measure-cell-2\">8,27 inch<\/td>\n<\/tr>\n<tr class=\"size size-3\">\n<td class=\"size-cell\">M<\/td>\n<td class=\"measure-cell measure-cell-0\">29,13 inch<\/td>\n<td class=\"measure-cell measure-cell-1\">20,08 inch<\/td>\n<td class=\"measure-cell measure-cell-2\">8,66 inch<\/td>\n<\/tr>\n<tr class=\"size size-4\">\n<td class=\"size-cell\">L<\/td>\n<td class=\"measure-cell measure-cell-0\">30,31 inch<\/td>\n<td class=\"measure-cell measure-cell-1\">22,05 inch<\/td>\n<td class=\"measure-cell measure-cell-2\">9,06 inch<\/td>\n<\/tr>\n<tr class=\"size size-5\">\n<td class=\"size-cell\">XL<\/td>\n<td class=\"measure-cell measure-cell-0\">31,1 inch<\/td>\n<td class=\"measure-cell measure-cell-1\">24,02 inch<\/td>\n<td class=\"measure-cell measure-cell-2\">9,45 inch<\/td>\n<\/tr>\n<tr class=\"size size-6\">\n<td class=\"size-cell\">XXL<\/td>\n<td class=\"measure-cell measure-cell-0\">32,68 inch<\/td>\n<td class=\"measure-cell measure-cell-1\">25,98 inch<\/td>\n<td class=\"measure-cell measure-cell-2\">9,84 inch<\/td>\n<\/tr>\n<tr class=\"size size-38\">\n<td class=\"size-cell\">3XL<\/td>\n<td class=\"measure-cell measure-cell-0\">33,46 inch<\/td>\n<td class=\"measure-cell measure-cell-1\">27,95 inch<\/td>\n<td class=\"measure-cell measure-cell-2\">10,24 inch<\/td>\n<\/tr>\n<tr class=\"size size-94\">\n<td class=\"size-cell\">4XL<\/td>\n<td class=\"measure-cell measure-cell-0\">34,65 inch<\/td>\n<td class=\"measure-cell measure-cell-1\">29,92 inch<\/td>\n<td class=\"measure-cell measure-cell-2\">10,63 inch<\/td>\n<\/tr>\n<\/tbody>\n<\/table>\n<\/div>\n<\/div>\n","protected":false},"excerpt":{"rendered":"<p>Offizielles T-Shirt der SAL UnternehmensgruppeDieses hochwertige Shirt tr\u00e4gt stolz das Logo der SAL Unternehmensgruppe auf dem R\u00fccken, inklusive deiner zentralen Domain s-sal.net.Ob als Fan, Partner oder Mitarbeiter \u2013 zeig, dass du Teil der SAL Familie bist.Ideal f\u00fcr Events, Arbeit oder Freizeit. Unser T-Shirt-Klassiker schlechthin: Der lockere Schnitt macht dieses Shirt zum ultra komfortablen Begleiter in&#8230;<\/p>\n","protected":false},"featured_media":164,"comment_status":"open","ping_status":"closed","template":"","meta":{"_kad_post_transparent":"","_kad_post_title":"","_kad_post_layout":"","_kad_post_sidebar_id":"","_kad_post_content_style":"","_kad_post_vertical_padding":"","_kad_post_feature":"","_kad_post_feature_position":"","_kad_post_header":false,"_kad_post_footer":false,"_kad_post_classname":""},"product_brand":[35],"product_cat":[41,17],"product_tag":[],"class_list":{"0":"post-169","1":"product","2":"type-product","3":"status-publish","4":"has-post-thumbnail","6":"product_brand-sal-unternehmensgruppe","7":"product_cat-sal-unternehmensgruppe","8":"product_cat-unkategorisiert","10":"first","11":"instock","12":"taxable","13":"shipping-taxable","14":"purchasable","15":"product-type-variable","16":"entry","17":"content-bg","18":"loop-entry"},"yoast_head":"<!-- This site is optimized with the Yoast SEO plugin v27.5 - https:\/\/yoast.com\/product\/yoast-seo-wordpress\/ -->\n<title>SAL Unternehmensgruppe \u2013 Official Shirt- M\u00e4nner T-Shirt - SAL Shop<\/title>\n<meta name=\"robots\" content=\"index, follow, max-snippet:-1, max-image-preview:large, max-video-preview:-1\" \/>\n<link rel=\"canonical\" href=\"https:\/\/shop.s-sal.de\/?product=sal-unternehmensgruppe-official-shirt-maenner-t-shirt\" \/>\n<meta property=\"og:locale\" content=\"de_DE\" \/>\n<meta property=\"og:type\" content=\"article\" \/>\n<meta property=\"og:title\" content=\"SAL Unternehmensgruppe \u2013 Official Shirt- M\u00e4nner T-Shirt - SAL Shop\" \/>\n<meta property=\"og:description\" content=\"Offizielles T-Shirt der SAL UnternehmensgruppeDieses hochwertige Shirt tr\u00e4gt stolz das Logo der SAL Unternehmensgruppe auf dem R\u00fccken, inklusive deiner zentralen Domain s-sal.net.Ob als Fan, Partner oder Mitarbeiter \u2013 zeig, dass du Teil der SAL Familie bist.Ideal f\u00fcr Events, Arbeit oder Freizeit. Unser T-Shirt-Klassiker schlechthin: Der lockere Schnitt macht dieses Shirt zum ultra komfortablen Begleiter in...\" \/>\n<meta property=\"og:url\" content=\"https:\/\/shop.s-sal.de\/?product=sal-unternehmensgruppe-official-shirt-maenner-t-shirt\" \/>\n<meta property=\"og:site_name\" content=\"SAL Shop\" \/>\n<meta property=\"og:image\" content=\"https:\/\/shop.s-sal.de\/wp-content\/uploads\/sites\/7\/2025\/07\/1-14.png\" \/>\n\t<meta property=\"og:image:width\" content=\"1000\" \/>\n\t<meta property=\"og:image:height\" content=\"1000\" \/>\n\t<meta property=\"og:image:type\" content=\"image\/png\" \/>\n<meta name=\"twitter:card\" content=\"summary_large_image\" \/>\n<meta name=\"twitter:label1\" content=\"Gesch\u00e4tzte Lesezeit\" \/>\n\t<meta name=\"twitter:data1\" content=\"1\u00a0Minute\" \/>\n<script type=\"application\/ld+json\" class=\"yoast-schema-graph\">{\"@context\":\"https:\\\/\\\/schema.org\",\"@graph\":[{\"@type\":\"WebPage\",\"@id\":\"https:\\\/\\\/shop.s-sal.de\\\/?product=sal-unternehmensgruppe-official-shirt-maenner-t-shirt\",\"url\":\"https:\\\/\\\/shop.s-sal.de\\\/?product=sal-unternehmensgruppe-official-shirt-maenner-t-shirt\",\"name\":\"SAL Unternehmensgruppe \u2013 Official Shirt- M\u00e4nner T-Shirt - SAL Shop\",\"isPartOf\":{\"@id\":\"https:\\\/\\\/shop.s-sal.de\\\/#website\"},\"primaryImageOfPage\":{\"@id\":\"https:\\\/\\\/shop.s-sal.de\\\/?product=sal-unternehmensgruppe-official-shirt-maenner-t-shirt#primaryimage\"},\"image\":{\"@id\":\"https:\\\/\\\/shop.s-sal.de\\\/?product=sal-unternehmensgruppe-official-shirt-maenner-t-shirt#primaryimage\"},\"thumbnailUrl\":\"https:\\\/\\\/shop.s-sal.de\\\/wp-content\\\/uploads\\\/sites\\\/7\\\/2025\\\/07\\\/1-14.png\",\"datePublished\":\"2025-07-09T04:40:02+00:00\",\"breadcrumb\":{\"@id\":\"https:\\\/\\\/shop.s-sal.de\\\/?product=sal-unternehmensgruppe-official-shirt-maenner-t-shirt#breadcrumb\"},\"inLanguage\":\"de\",\"potentialAction\":[{\"@type\":\"ReadAction\",\"target\":[\"https:\\\/\\\/shop.s-sal.de\\\/?product=sal-unternehmensgruppe-official-shirt-maenner-t-shirt\"]}]},{\"@type\":\"ImageObject\",\"inLanguage\":\"de\",\"@id\":\"https:\\\/\\\/shop.s-sal.de\\\/?product=sal-unternehmensgruppe-official-shirt-maenner-t-shirt#primaryimage\",\"url\":\"https:\\\/\\\/shop.s-sal.de\\\/wp-content\\\/uploads\\\/sites\\\/7\\\/2025\\\/07\\\/1-14.png\",\"contentUrl\":\"https:\\\/\\\/shop.s-sal.de\\\/wp-content\\\/uploads\\\/sites\\\/7\\\/2025\\\/07\\\/1-14.png\",\"width\":1000,\"height\":1000},{\"@type\":\"BreadcrumbList\",\"@id\":\"https:\\\/\\\/shop.s-sal.de\\\/?product=sal-unternehmensgruppe-official-shirt-maenner-t-shirt#breadcrumb\",\"itemListElement\":[{\"@type\":\"ListItem\",\"position\":1,\"name\":\"Startseite\",\"item\":\"https:\\\/\\\/shop.s-sal.de\\\/\"},{\"@type\":\"ListItem\",\"position\":2,\"name\":\"Shop\",\"item\":\"https:\\\/\\\/shop.s-sal.de\\\/\"},{\"@type\":\"ListItem\",\"position\":3,\"name\":\"SAL Unternehmensgruppe \u2013 Official Shirt- M\u00e4nner T-Shirt\"}]},{\"@type\":\"WebSite\",\"@id\":\"https:\\\/\\\/shop.s-sal.de\\\/#website\",\"url\":\"https:\\\/\\\/shop.s-sal.de\\\/\",\"name\":\"SAL Shop\",\"description\":\"Der Offiziele Shop der Sal Unternehmensgruppe\",\"publisher\":{\"@id\":\"https:\\\/\\\/shop.s-sal.de\\\/#organization\"},\"potentialAction\":[{\"@type\":\"SearchAction\",\"target\":{\"@type\":\"EntryPoint\",\"urlTemplate\":\"https:\\\/\\\/shop.s-sal.de\\\/?s={search_term_string}\"},\"query-input\":{\"@type\":\"PropertyValueSpecification\",\"valueRequired\":true,\"valueName\":\"search_term_string\"}}],\"inLanguage\":\"de\"},{\"@type\":\"Organization\",\"@id\":\"https:\\\/\\\/shop.s-sal.de\\\/#organization\",\"name\":\"SAL Shop\",\"url\":\"https:\\\/\\\/shop.s-sal.de\\\/\",\"logo\":{\"@type\":\"ImageObject\",\"inLanguage\":\"de\",\"@id\":\"https:\\\/\\\/shop.s-sal.de\\\/#\\\/schema\\\/logo\\\/image\\\/\",\"url\":\"https:\\\/\\\/shop.s-sal.de\\\/wp-content\\\/uploads\\\/sites\\\/7\\\/2025\\\/07\\\/cropped-cropped-sal-shop-logo.png\",\"contentUrl\":\"https:\\\/\\\/shop.s-sal.de\\\/wp-content\\\/uploads\\\/sites\\\/7\\\/2025\\\/07\\\/cropped-cropped-sal-shop-logo.png\",\"width\":511,\"height\":511,\"caption\":\"SAL Shop\"},\"image\":{\"@id\":\"https:\\\/\\\/shop.s-sal.de\\\/#\\\/schema\\\/logo\\\/image\\\/\"}}]}<\/script>\n<!-- \/ Yoast SEO plugin. -->","yoast_head_json":{"title":"SAL Unternehmensgruppe \u2013 Official Shirt- M\u00e4nner T-Shirt - SAL Shop","robots":{"index":"index","follow":"follow","max-snippet":"max-snippet:-1","max-image-preview":"max-image-preview:large","max-video-preview":"max-video-preview:-1"},"canonical":"https:\/\/shop.s-sal.de\/?product=sal-unternehmensgruppe-official-shirt-maenner-t-shirt","og_locale":"de_DE","og_type":"article","og_title":"SAL Unternehmensgruppe \u2013 Official Shirt- M\u00e4nner T-Shirt - SAL Shop","og_description":"Offizielles T-Shirt der SAL UnternehmensgruppeDieses hochwertige Shirt tr\u00e4gt stolz das Logo der SAL Unternehmensgruppe auf dem R\u00fccken, inklusive deiner zentralen Domain s-sal.net.Ob als Fan, Partner oder Mitarbeiter \u2013 zeig, dass du Teil der SAL Familie bist.Ideal f\u00fcr Events, Arbeit oder Freizeit. Unser T-Shirt-Klassiker schlechthin: Der lockere Schnitt macht dieses Shirt zum ultra komfortablen Begleiter in...","og_url":"https:\/\/shop.s-sal.de\/?product=sal-unternehmensgruppe-official-shirt-maenner-t-shirt","og_site_name":"SAL Shop","og_image":[{"width":1000,"height":1000,"url":"https:\/\/shop.s-sal.de\/wp-content\/uploads\/sites\/7\/2025\/07\/1-14.png","type":"image\/png"}],"twitter_card":"summary_large_image","twitter_misc":{"Gesch\u00e4tzte Lesezeit":"1\u00a0Minute"},"schema":{"@context":"https:\/\/schema.org","@graph":[{"@type":"WebPage","@id":"https:\/\/shop.s-sal.de\/?product=sal-unternehmensgruppe-official-shirt-maenner-t-shirt","url":"https:\/\/shop.s-sal.de\/?product=sal-unternehmensgruppe-official-shirt-maenner-t-shirt","name":"SAL Unternehmensgruppe \u2013 Official Shirt- M\u00e4nner T-Shirt - SAL Shop","isPartOf":{"@id":"https:\/\/shop.s-sal.de\/#website"},"primaryImageOfPage":{"@id":"https:\/\/shop.s-sal.de\/?product=sal-unternehmensgruppe-official-shirt-maenner-t-shirt#primaryimage"},"image":{"@id":"https:\/\/shop.s-sal.de\/?product=sal-unternehmensgruppe-official-shirt-maenner-t-shirt#primaryimage"},"thumbnailUrl":"https:\/\/shop.s-sal.de\/wp-content\/uploads\/sites\/7\/2025\/07\/1-14.png","datePublished":"2025-07-09T04:40:02+00:00","breadcrumb":{"@id":"https:\/\/shop.s-sal.de\/?product=sal-unternehmensgruppe-official-shirt-maenner-t-shirt#breadcrumb"},"inLanguage":"de","potentialAction":[{"@type":"ReadAction","target":["https:\/\/shop.s-sal.de\/?product=sal-unternehmensgruppe-official-shirt-maenner-t-shirt"]}]},{"@type":"ImageObject","inLanguage":"de","@id":"https:\/\/shop.s-sal.de\/?product=sal-unternehmensgruppe-official-shirt-maenner-t-shirt#primaryimage","url":"https:\/\/shop.s-sal.de\/wp-content\/uploads\/sites\/7\/2025\/07\/1-14.png","contentUrl":"https:\/\/shop.s-sal.de\/wp-content\/uploads\/sites\/7\/2025\/07\/1-14.png","width":1000,"height":1000},{"@type":"BreadcrumbList","@id":"https:\/\/shop.s-sal.de\/?product=sal-unternehmensgruppe-official-shirt-maenner-t-shirt#breadcrumb","itemListElement":[{"@type":"ListItem","position":1,"name":"Startseite","item":"https:\/\/shop.s-sal.de\/"},{"@type":"ListItem","position":2,"name":"Shop","item":"https:\/\/shop.s-sal.de\/"},{"@type":"ListItem","position":3,"name":"SAL Unternehmensgruppe \u2013 Official Shirt- M\u00e4nner T-Shirt"}]},{"@type":"WebSite","@id":"https:\/\/shop.s-sal.de\/#website","url":"https:\/\/shop.s-sal.de\/","name":"SAL Shop","description":"Der Offiziele Shop der Sal Unternehmensgruppe","publisher":{"@id":"https:\/\/shop.s-sal.de\/#organization"},"potentialAction":[{"@type":"SearchAction","target":{"@type":"EntryPoint","urlTemplate":"https:\/\/shop.s-sal.de\/?s={search_term_string}"},"query-input":{"@type":"PropertyValueSpecification","valueRequired":true,"valueName":"search_term_string"}}],"inLanguage":"de"},{"@type":"Organization","@id":"https:\/\/shop.s-sal.de\/#organization","name":"SAL Shop","url":"https:\/\/shop.s-sal.de\/","logo":{"@type":"ImageObject","inLanguage":"de","@id":"https:\/\/shop.s-sal.de\/#\/schema\/logo\/image\/","url":"https:\/\/shop.s-sal.de\/wp-content\/uploads\/sites\/7\/2025\/07\/cropped-cropped-sal-shop-logo.png","contentUrl":"https:\/\/shop.s-sal.de\/wp-content\/uploads\/sites\/7\/2025\/07\/cropped-cropped-sal-shop-logo.png","width":511,"height":511,"caption":"SAL Shop"},"image":{"@id":"https:\/\/shop.s-sal.de\/#\/schema\/logo\/image\/"}}]}},"jetpack_sharing_enabled":true,"_links":{"self":[{"href":"https:\/\/shop.s-sal.de\/index.php?rest_route=\/wp\/v2\/product\/169","targetHints":{"allow":["GET"]}}],"collection":[{"href":"https:\/\/shop.s-sal.de\/index.php?rest_route=\/wp\/v2\/product"}],"about":[{"href":"https:\/\/shop.s-sal.de\/index.php?rest_route=\/wp\/v2\/types\/product"}],"replies":[{"embeddable":true,"href":"https:\/\/shop.s-sal.de\/index.php?rest_route=%2Fwp%2Fv2%2Fcomments&post=169"}],"wp:featuredmedia":[{"embeddable":true,"href":"https:\/\/shop.s-sal.de\/index.php?rest_route=\/wp\/v2\/media\/164"}],"wp:attachment":[{"href":"https:\/\/shop.s-sal.de\/index.php?rest_route=%2Fwp%2Fv2%2Fmedia&parent=169"}],"wp:term":[{"taxonomy":"product_brand","embeddable":true,"href":"https:\/\/shop.s-sal.de\/index.php?rest_route=%2Fwp%2Fv2%2Fproduct_brand&post=169"},{"taxonomy":"product_cat","embeddable":true,"href":"https:\/\/shop.s-sal.de\/index.php?rest_route=%2Fwp%2Fv2%2Fproduct_cat&post=169"},{"taxonomy":"product_tag","embeddable":true,"href":"https:\/\/shop.s-sal.de\/index.php?rest_route=%2Fwp%2Fv2%2Fproduct_tag&post=169"}],"curies":[{"name":"wp","href":"https:\/\/api.w.org\/{rel}","templated":true}]}}